{"id":1059,"date":"2025-02-25T12:06:29","date_gmt":"2025-02-25T12:06:29","guid":{"rendered":"https:\/\/nestpaper.net\/tr\/?page_id=1059"},"modified":"2025-11-12T11:44:36","modified_gmt":"2025-11-12T11:44:36","slug":"komiprime","status":"publish","type":"page","link":"https:\/\/nestpaper.net\/tr\/komiprime\/","title":{"rendered":"KomiPrime"},"content":{"rendered":"\t\t<div data-elementor-type=\"wp-page\" data-elementor-id=\"1059\" class=\"elementor elementor-1059\" data-elementor-post-type=\"page\">\n\t\t\t\t\t\t<section class=\"elementor-section elementor-top-section elementor-element elementor-element-22cf551 elementor-section-full_width elementor-section-height-min-height elementor-section-height-default elementor-section-items-middle\" data-id=\"22cf551\" data-element_type=\"section\" data-settings=\"{&quot;background_background&quot;:&quot;classic&quot;}\">\n\t\t\t\t\t\t<div class=\"elementor-container elementor-column-gap-no\">\n\t\t\t\t\t<div class=\"elementor-column elementor-col-100 elementor-top-column elementor-element elementor-element-02d6b66\" data-id=\"02d6b66\" data-element_type=\"column\">\n\t\t\t<div class=\"elementor-widget-wrap elementor-element-populated\">\n\t\t\t\t\t\t<div class=\"elementor-element elementor-element-135008f elementor-widget elementor-widget-theme-post-title elementor-page-title elementor-widget-heading\" data-id=\"135008f\" data-element_type=\"widget\" data-widget_type=\"theme-post-title.default\">\n\t\t\t\t<div class=\"elementor-widget-container\">\n\t\t\t\t\t<h1 class=\"elementor-heading-title elementor-size-default\">KomiPrime<\/h1>\t\t\t\t<\/div>\n\t\t\t\t<\/div>\n\t\t\t\t\t<\/div>\n\t\t<\/div>\n\t\t\t\t\t<\/div>\n\t\t<\/section>\n\t\t\t\t<section class=\"elementor-section elementor-top-section elementor-element elementor-element-f241ee2 elementor-section-boxed elementor-section-height-default elementor-section-height-default\" data-id=\"f241ee2\" data-element_type=\"section\">\n\t\t\t\t\t\t<div class=\"elementor-container elementor-column-gap-no\">\n\t\t\t\t\t<div class=\"elementor-column elementor-col-50 elementor-top-column elementor-element elementor-element-f2ddd5b\" data-id=\"f2ddd5b\" data-element_type=\"column\">\n\t\t\t<div class=\"elementor-widget-wrap elementor-element-populated\">\n\t\t\t\t\t\t<div class=\"elementor-element elementor-element-eaa7c8c elementor-widget elementor-widget-image\" data-id=\"eaa7c8c\" data-element_type=\"widget\" data-widget_type=\"image.default\">\n\t\t\t\t<div class=\"elementor-widget-container\">\n\t\t\t\t\t\t\t\t\t\t\t\t\t\t\t<img fetchpriority=\"high\" decoding=\"async\" width=\"1000\" height=\"1000\" src=\"https:\/\/nestpaper.net\/tr\/wp-content\/uploads\/2025\/02\/kagit-2.png\" class=\"attachment-full size-full wp-image-1164\" alt=\"\" srcset=\"https:\/\/nestpaper.net\/tr\/wp-content\/uploads\/2025\/02\/kagit-2.png 1000w, https:\/\/nestpaper.net\/tr\/wp-content\/uploads\/2025\/02\/kagit-2-300x300.png 300w, https:\/\/nestpaper.net\/tr\/wp-content\/uploads\/2025\/02\/kagit-2-150x150.png 150w, https:\/\/nestpaper.net\/tr\/wp-content\/uploads\/2025\/02\/kagit-2-768x768.png 768w\" sizes=\"(max-width: 1000px) 100vw, 1000px\" \/>\t\t\t\t\t\t\t\t\t\t\t\t\t\t\t<\/div>\n\t\t\t\t<\/div>\n\t\t\t\t\t<\/div>\n\t\t<\/div>\n\t\t\t\t<div class=\"elementor-column elementor-col-50 elementor-top-column elementor-element elementor-element-14adca0\" data-id=\"14adca0\" data-element_type=\"column\">\n\t\t\t<div class=\"elementor-widget-wrap elementor-element-populated\">\n\t\t\t\t\t\t<div class=\"elementor-element elementor-element-699919e elementor-widget elementor-widget-heading\" data-id=\"699919e\" data-element_type=\"widget\" data-widget_type=\"heading.default\">\n\t\t\t\t<div class=\"elementor-widget-container\">\n\t\t\t\t\t<h2 class=\"elementor-heading-title elementor-size-default\">KomiPrime<\/h2>\t\t\t\t<\/div>\n\t\t\t\t<\/div>\n\t\t\t\t<div class=\"elementor-element elementor-element-d31b65c elementor-widget elementor-widget-text-editor\" data-id=\"d31b65c\" data-element_type=\"widget\" data-widget_type=\"text-editor.default\">\n\t\t\t\t<div class=\"elementor-widget-container\">\n\t\t\t\t\t\t\t\t\t<p>Fabrika Sertifikalar\u0131<br \/>\u2022 ISO 9001<br \/>\u2022 ISO 14001<br \/>\u2022 ISO 45001<\/p><p>Test Ko\u015fullar\u0131:<br \/>Garantili de\u011ferler, 50 \u00b1 2% RH ve 23 \u00b1 1\u00b0C\u2019de (ISO 187:1990) \u00f6l\u00e7\u00fcl\u00fcp ko\u015fulland\u0131rma sonras\u0131 belirlenmi\u015ftir.<\/p><p>Bu \u00fcr\u00fcndeki ah\u015fab\u0131n yasal k\u00f6kenini do\u011frulama sistemi, uluslararas\u0131 standart ISO 38200:2018 ile uyumludur. Bu standart, ah\u015fap ve ah\u015fap bazl\u0131 \u00fcr\u00fcnlerin izlenebilirli\u011fini ve Orman Sertifikasyonu Yasal K\u00f6ken standard\u0131n\u0131 kapsamaktad\u0131r.<\/p>\t\t\t\t\t\t\t\t<\/div>\n\t\t\t\t<\/div>\n\t\t\t\t<div class=\"elementor-element elementor-element-ce68f12 elementor-align-left elementor-widget elementor-widget-button\" data-id=\"ce68f12\" data-element_type=\"widget\" data-widget_type=\"button.default\">\n\t\t\t\t<div class=\"elementor-widget-container\">\n\t\t\t\t\t\t\t\t\t<div class=\"elementor-button-wrapper\">\n\t\t\t\t\t<a class=\"elementor-button elementor-button-link elementor-size-sm\" href=\"https:\/\/nestpaper.net\/tr\/wp-content\/uploads\/2025\/02\/240906BLEACHED-SOFTWOOD-KRAFT-PULP.pdf\" target=\"_blank\">\n\t\t\t\t\t\t<span class=\"elementor-button-content-wrapper\">\n\t\t\t\t\t\t<span class=\"elementor-button-icon\">\n\t\t\t\t<svg aria-hidden=\"true\" class=\"e-font-icon-svg e-far-file-pdf\" viewBox=\"0 0 384 512\" xmlns=\"http:\/\/www.w3.org\/2000\/svg\"><path d=\"M369.9 97.9L286 14C277 5 264.8-.1 252.1-.1H48C21.5 0 0 21.5 0 48v416c0 26.5 21.5 48 48 48h288c26.5 0 48-21.5 48-48V131.9c0-12.7-5.1-25-14.1-34zM332.1 128H256V51.9l76.1 76.1zM48 464V48h160v104c0 13.3 10.7 24 24 24h104v288H48zm250.2-143.7c-12.2-12-47-8.7-64.4-6.5-17.2-10.5-28.7-25-36.8-46.3 3.9-16.1 10.1-40.6 5.4-56-4.2-26.2-37.8-23.6-42.6-5.9-4.4 16.1-.4 38.5 7 67.1-10 23.9-24.9 56-35.4 74.4-20 10.3-47 26.2-51 46.2-3.3 15.8 26 55.2 76.1-31.2 22.4-7.4 46.8-16.5 68.4-20.1 18.9 10.2 41 17 55.8 17 25.5 0 28-28.2 17.5-38.7zm-198.1 77.8c5.1-13.7 24.5-29.5 30.4-35-19 30.3-30.4 35.7-30.4 35zm81.6-190.6c7.4 0 6.7 32.1 1.8 40.8-4.4-13.9-4.3-40.8-1.8-40.8zm-24.4 136.6c9.7-16.9 18-37 24.7-54.7 8.3 15.1 18.9 27.2 30.1 35.5-20.8 4.3-38.9 13.1-54.8 19.2zm131.6-5s-5 6-37.3-7.8c35.1-2.6 40.9 5.4 37.3 7.8z\"><\/path><\/svg>\t\t\t<\/span>\n\t\t\t\t\t\t\t\t\t<span class=\"elementor-button-text\">PDF \u0130ndir<\/span>\n\t\t\t\t\t<\/span>\n\t\t\t\t\t<\/a>\n\t\t\t\t<\/div>\n\t\t\t\t\t\t\t\t<\/div>\n\t\t\t\t<\/div>\n\t\t\t\t\t<\/div>\n\t\t<\/div>\n\t\t\t\t\t<\/div>\n\t\t<\/section>\n\t\t\t\t<section class=\"elementor-section elementor-top-section elementor-element elementor-element-316ecde elementor-section-boxed elementor-section-height-default elementor-section-height-default\" data-id=\"316ecde\" data-element_type=\"section\">\n\t\t\t\t\t\t<div class=\"elementor-container elementor-column-gap-no\">\n\t\t\t\t\t<div class=\"elementor-column elementor-col-100 elementor-top-column elementor-element elementor-element-27808dd\" data-id=\"27808dd\" data-element_type=\"column\">\n\t\t\t<div class=\"elementor-widget-wrap elementor-element-populated\">\n\t\t\t\t\t\t<div class=\"elementor-element elementor-element-8c5e835 elementor-widget elementor-widget-text-editor\" data-id=\"8c5e835\" data-element_type=\"widget\" data-widget_type=\"text-editor.default\">\n\t\t\t\t<div class=\"elementor-widget-container\">\n\t\t\t\t\t\t\t\t\t<table> <tbody> <tr> <th>Parametre<\/th> <th>Birim<\/th> <th>Test Y\u00f6ntemi<\/th> <th>C1<\/th> <th>Tipik De\u011ferler<\/th> <\/tr> <tr> <td class=\"sub-header\">Beyazl\u0131k<\/td> <td>%<\/td> <td>ISO 3688<\/td> <td>87<\/td> <td>88.4<\/td> <\/tr> <tr> <td class=\"sub-header\">Kir Say\u0131m\u0131 (0.1-1.0 mm\u00b2), daha fazla de\u011fil<\/td> <td>puan\/500 g<\/td> <td>GOST 14363.3<\/td> <td>25<\/td> <td>7<\/td> <\/tr> <tr> <td class=\"sub-header\">Kir Say\u0131m\u0131 >1.0 mm\u00b2<\/td> <td>puan\/500 g<\/td> <td>GOST 14363.3<\/td> <td>0<\/td> <td>0<\/td> <\/tr> <tr> <td class=\"sub-header\">Y\u0131rt\u0131lma Dayan\u0131m\u0131, daha az de\u011fil<\/td> <td>mH\u00b7m\u00b2\/g<\/td> <td>ISO 1974<\/td> <td>8.0<\/td> <td>9.1<\/td> <\/tr> <tr> <td class=\"\">pH<\/td> <td>&#8211;<\/td> <td>GOST 12523<\/td> <td>5.5 &#8211; 7.0<\/td> <td>6.2<\/td> <\/tr> <tr> <td class=\"sub-header\">Nem, daha fazla de\u011fil<\/td> <td>%<\/td> <td>ISO 638<\/td> <td>15<\/td> <td>13.0<\/td> <\/tr> <tr> <td class=\"sub-header\">Y\u0131k\u0131lma Uzunlu\u011fu, daha az de\u011fil<\/td> <td>km<\/td> <td>ISO 1924<\/td> <td>7.8<\/td> <td>8.6<\/td> <\/tr> <\/tbody> <\/table>\n\n\n\n\n\n\n\t\t\t\t\t\t\t\t<\/div>\n\t\t\t\t<\/div>\n\t\t\t\t\t<\/div>\n\t\t<\/div>\n\t\t\t\t\t<\/div>\n\t\t<\/section>\n\t\t\t\t<\/div>\n\t\t","protected":false},"excerpt":{"rendered":"<p>KomiPrime Fabrika Sertifikalar\u0131\u2022 ISO 9001\u2022 ISO 14001\u2022 ISO 45001 Test Ko\u015fullar\u0131:Garantili de\u011ferler, 50 \u00b1 2% RH ve 23 \u00b1 1\u00b0C\u2019de (ISO 187:1990) \u00f6l\u00e7\u00fcl\u00fcp ko\u015fulland\u0131rma sonras\u0131 belirlenmi\u015ftir. Bu \u00fcr\u00fcndeki ah\u015fab\u0131n yasal k\u00f6kenini do\u011frulama sistemi, uluslararas\u0131 standart ISO 38200:2018 ile uyumludur. Bu standart, ah\u015fap ve ah\u015fap bazl\u0131 \u00fcr\u00fcnlerin izlenebilirli\u011fini ve Orman Sertifikasyonu Yasal K\u00f6ken standard\u0131n\u0131 kapsamaktad\u0131r. PDF [&hellip;]<\/p>\n","protected":false},"author":1,"featured_media":0,"parent":0,"menu_order":0,"comment_status":"closed","ping_status":"closed","template":"page-templates\/home.php","meta":{"footnotes":""},"class_list":["post-1059","page","type-page","status-publish","hentry"],"yoast_head":"<!-- This site is optimized with the Yoast SEO plugin v24.5 - https:\/\/yoast.com\/wordpress\/plugins\/seo\/ -->\n<title>KomiPrime - Nest Paper<\/title>\n<meta name=\"robots\" content=\"index, follow, max-snippet:-1, max-image-preview:large, max-video-preview:-1\" \/>\n<link rel=\"canonical\" href=\"https:\/\/nestpaper.net\/tr\/komiprime\/\" \/>\n<meta property=\"og:locale\" content=\"tr_TR\" \/>\n<meta property=\"og:type\" content=\"article\" \/>\n<meta property=\"og:title\" content=\"KomiPrime - Nest Paper\" \/>\n<meta property=\"og:description\" content=\"KomiPrime Fabrika Sertifikalar\u0131\u2022 ISO 9001\u2022 ISO 14001\u2022 ISO 45001 Test Ko\u015fullar\u0131:Garantili de\u011ferler, 50 \u00b1 2% RH ve 23 \u00b1 1\u00b0C\u2019de (ISO 187:1990) \u00f6l\u00e7\u00fcl\u00fcp ko\u015fulland\u0131rma sonras\u0131 belirlenmi\u015ftir. Bu \u00fcr\u00fcndeki ah\u015fab\u0131n yasal k\u00f6kenini do\u011frulama sistemi, uluslararas\u0131 standart ISO 38200:2018 ile uyumludur. Bu standart, ah\u015fap ve ah\u015fap bazl\u0131 \u00fcr\u00fcnlerin izlenebilirli\u011fini ve Orman Sertifikasyonu Yasal K\u00f6ken standard\u0131n\u0131 kapsamaktad\u0131r. PDF [&hellip;]\" \/>\n<meta property=\"og:url\" content=\"https:\/\/nestpaper.net\/tr\/komiprime\/\" \/>\n<meta property=\"og:site_name\" content=\"Nest Paper\" \/>\n<meta property=\"article:modified_time\" content=\"2025-11-12T11:44:36+00:00\" \/>\n<meta property=\"og:image\" content=\"https:\/\/nestpaper.net\/tr\/wp-content\/uploads\/2025\/02\/kagit-2.png\" \/>\n\t<meta property=\"og:image:width\" content=\"1000\" \/>\n\t<meta property=\"og:image:height\" content=\"1000\" \/>\n\t<meta property=\"og:image:type\" content=\"image\/png\" \/>\n<meta name=\"twitter:card\" content=\"summary_large_image\" \/>\n<meta name=\"twitter:label1\" content=\"Tahmini okuma s\u00fcresi\" \/>\n\t<meta name=\"twitter:data1\" content=\"1 dakika\" \/>\n<script type=\"application\/ld+json\" class=\"yoast-schema-graph\">{\"@context\":\"https:\/\/schema.org\",\"@graph\":[{\"@type\":\"WebPage\",\"@id\":\"https:\/\/nestpaper.net\/tr\/komiprime\/\",\"url\":\"https:\/\/nestpaper.net\/tr\/komiprime\/\",\"name\":\"KomiPrime - Nest Paper\",\"isPartOf\":{\"@id\":\"https:\/\/nestpaper.net\/tr\/#website\"},\"primaryImageOfPage\":{\"@id\":\"https:\/\/nestpaper.net\/tr\/komiprime\/#primaryimage\"},\"image\":{\"@id\":\"https:\/\/nestpaper.net\/tr\/komiprime\/#primaryimage\"},\"thumbnailUrl\":\"https:\/\/nestpaper.net\/tr\/wp-content\/uploads\/2025\/02\/kagit-2.png\",\"datePublished\":\"2025-02-25T12:06:29+00:00\",\"dateModified\":\"2025-11-12T11:44:36+00:00\",\"breadcrumb\":{\"@id\":\"https:\/\/nestpaper.net\/tr\/komiprime\/#breadcrumb\"},\"inLanguage\":\"tr\",\"potentialAction\":[{\"@type\":\"ReadAction\",\"target\":[\"https:\/\/nestpaper.net\/tr\/komiprime\/\"]}]},{\"@type\":\"ImageObject\",\"inLanguage\":\"tr\",\"@id\":\"https:\/\/nestpaper.net\/tr\/komiprime\/#primaryimage\",\"url\":\"https:\/\/nestpaper.net\/tr\/wp-content\/uploads\/2025\/02\/kagit-2.png\",\"contentUrl\":\"https:\/\/nestpaper.net\/tr\/wp-content\/uploads\/2025\/02\/kagit-2.png\",\"width\":1000,\"height\":1000},{\"@type\":\"BreadcrumbList\",\"@id\":\"https:\/\/nestpaper.net\/tr\/komiprime\/#breadcrumb\",\"itemListElement\":[{\"@type\":\"ListItem\",\"position\":1,\"name\":\"Anasayfa\",\"item\":\"https:\/\/nestpaper.net\/tr\/\"},{\"@type\":\"ListItem\",\"position\":2,\"name\":\"KomiPrime\"}]},{\"@type\":\"WebSite\",\"@id\":\"https:\/\/nestpaper.net\/tr\/#website\",\"url\":\"https:\/\/nestpaper.net\/tr\/\",\"name\":\"Nest Paper\",\"description\":\"Her Sayfada Kalite\",\"publisher\":{\"@id\":\"https:\/\/nestpaper.net\/tr\/#organization\"},\"potentialAction\":[{\"@type\":\"SearchAction\",\"target\":{\"@type\":\"EntryPoint\",\"urlTemplate\":\"https:\/\/nestpaper.net\/tr\/?s={search_term_string}\"},\"query-input\":{\"@type\":\"PropertyValueSpecification\",\"valueRequired\":true,\"valueName\":\"search_term_string\"}}],\"inLanguage\":\"tr\"},{\"@type\":\"Organization\",\"@id\":\"https:\/\/nestpaper.net\/tr\/#organization\",\"name\":\"Nest Paper\",\"url\":\"https:\/\/nestpaper.net\/tr\/\",\"logo\":{\"@type\":\"ImageObject\",\"inLanguage\":\"tr\",\"@id\":\"https:\/\/nestpaper.net\/tr\/#\/schema\/logo\/image\/\",\"url\":\"https:\/\/nestpaper.net\/tr\/wp-content\/uploads\/2025\/02\/nest-logo.png\",\"contentUrl\":\"https:\/\/nestpaper.net\/tr\/wp-content\/uploads\/2025\/02\/nest-logo.png\",\"width\":221,\"height\":72,\"caption\":\"Nest Paper\"},\"image\":{\"@id\":\"https:\/\/nestpaper.net\/tr\/#\/schema\/logo\/image\/\"}}]}<\/script>\n<!-- \/ Yoast SEO plugin. -->","yoast_head_json":{"title":"KomiPrime - Nest Paper","robots":{"index":"index","follow":"follow","max-snippet":"max-snippet:-1","max-image-preview":"max-image-preview:large","max-video-preview":"max-video-preview:-1"},"canonical":"https:\/\/nestpaper.net\/tr\/komiprime\/","og_locale":"tr_TR","og_type":"article","og_title":"KomiPrime - Nest Paper","og_description":"KomiPrime Fabrika Sertifikalar\u0131\u2022 ISO 9001\u2022 ISO 14001\u2022 ISO 45001 Test Ko\u015fullar\u0131:Garantili de\u011ferler, 50 \u00b1 2% RH ve 23 \u00b1 1\u00b0C\u2019de (ISO 187:1990) \u00f6l\u00e7\u00fcl\u00fcp ko\u015fulland\u0131rma sonras\u0131 belirlenmi\u015ftir. Bu \u00fcr\u00fcndeki ah\u015fab\u0131n yasal k\u00f6kenini do\u011frulama sistemi, uluslararas\u0131 standart ISO 38200:2018 ile uyumludur. Bu standart, ah\u015fap ve ah\u015fap bazl\u0131 \u00fcr\u00fcnlerin izlenebilirli\u011fini ve Orman Sertifikasyonu Yasal K\u00f6ken standard\u0131n\u0131 kapsamaktad\u0131r. PDF [&hellip;]","og_url":"https:\/\/nestpaper.net\/tr\/komiprime\/","og_site_name":"Nest Paper","article_modified_time":"2025-11-12T11:44:36+00:00","og_image":[{"width":1000,"height":1000,"url":"https:\/\/nestpaper.net\/tr\/wp-content\/uploads\/2025\/02\/kagit-2.png","type":"image\/png"}],"twitter_card":"summary_large_image","twitter_misc":{"Tahmini okuma s\u00fcresi":"1 dakika"},"schema":{"@context":"https:\/\/schema.org","@graph":[{"@type":"WebPage","@id":"https:\/\/nestpaper.net\/tr\/komiprime\/","url":"https:\/\/nestpaper.net\/tr\/komiprime\/","name":"KomiPrime - Nest Paper","isPartOf":{"@id":"https:\/\/nestpaper.net\/tr\/#website"},"primaryImageOfPage":{"@id":"https:\/\/nestpaper.net\/tr\/komiprime\/#primaryimage"},"image":{"@id":"https:\/\/nestpaper.net\/tr\/komiprime\/#primaryimage"},"thumbnailUrl":"https:\/\/nestpaper.net\/tr\/wp-content\/uploads\/2025\/02\/kagit-2.png","datePublished":"2025-02-25T12:06:29+00:00","dateModified":"2025-11-12T11:44:36+00:00","breadcrumb":{"@id":"https:\/\/nestpaper.net\/tr\/komiprime\/#breadcrumb"},"inLanguage":"tr","potentialAction":[{"@type":"ReadAction","target":["https:\/\/nestpaper.net\/tr\/komiprime\/"]}]},{"@type":"ImageObject","inLanguage":"tr","@id":"https:\/\/nestpaper.net\/tr\/komiprime\/#primaryimage","url":"https:\/\/nestpaper.net\/tr\/wp-content\/uploads\/2025\/02\/kagit-2.png","contentUrl":"https:\/\/nestpaper.net\/tr\/wp-content\/uploads\/2025\/02\/kagit-2.png","width":1000,"height":1000},{"@type":"BreadcrumbList","@id":"https:\/\/nestpaper.net\/tr\/komiprime\/#breadcrumb","itemListElement":[{"@type":"ListItem","position":1,"name":"Anasayfa","item":"https:\/\/nestpaper.net\/tr\/"},{"@type":"ListItem","position":2,"name":"KomiPrime"}]},{"@type":"WebSite","@id":"https:\/\/nestpaper.net\/tr\/#website","url":"https:\/\/nestpaper.net\/tr\/","name":"Nest Paper","description":"Her Sayfada Kalite","publisher":{"@id":"https:\/\/nestpaper.net\/tr\/#organization"},"potentialAction":[{"@type":"SearchAction","target":{"@type":"EntryPoint","urlTemplate":"https:\/\/nestpaper.net\/tr\/?s={search_term_string}"},"query-input":{"@type":"PropertyValueSpecification","valueRequired":true,"valueName":"search_term_string"}}],"inLanguage":"tr"},{"@type":"Organization","@id":"https:\/\/nestpaper.net\/tr\/#organization","name":"Nest Paper","url":"https:\/\/nestpaper.net\/tr\/","logo":{"@type":"ImageObject","inLanguage":"tr","@id":"https:\/\/nestpaper.net\/tr\/#\/schema\/logo\/image\/","url":"https:\/\/nestpaper.net\/tr\/wp-content\/uploads\/2025\/02\/nest-logo.png","contentUrl":"https:\/\/nestpaper.net\/tr\/wp-content\/uploads\/2025\/02\/nest-logo.png","width":221,"height":72,"caption":"Nest Paper"},"image":{"@id":"https:\/\/nestpaper.net\/tr\/#\/schema\/logo\/image\/"}}]}},"_links":{"self":[{"href":"https:\/\/nestpaper.net\/tr\/wp-json\/wp\/v2\/pages\/1059","targetHints":{"allow":["GET"]}}],"collection":[{"href":"https:\/\/nestpaper.net\/tr\/wp-json\/wp\/v2\/pages"}],"about":[{"href":"https:\/\/nestpaper.net\/tr\/wp-json\/wp\/v2\/types\/page"}],"author":[{"embeddable":true,"href":"https:\/\/nestpaper.net\/tr\/wp-json\/wp\/v2\/users\/1"}],"replies":[{"embeddable":true,"href":"https:\/\/nestpaper.net\/tr\/wp-json\/wp\/v2\/comments?post=1059"}],"version-history":[{"count":13,"href":"https:\/\/nestpaper.net\/tr\/wp-json\/wp\/v2\/pages\/1059\/revisions"}],"predecessor-version":[{"id":1530,"href":"https:\/\/nestpaper.net\/tr\/wp-json\/wp\/v2\/pages\/1059\/revisions\/1530"}],"wp:attachment":[{"href":"https:\/\/nestpaper.net\/tr\/wp-json\/wp\/v2\/media?parent=1059"}],"curies":[{"name":"wp","href":"https:\/\/api.w.org\/{rel}","templated":true}]}}